{"id":312,"date":"2024-12-05T11:47:50","date_gmt":"2024-12-05T17:47:50","guid":{"rendered":"https:\/\/zvax.com.mx\/?page_id=312"},"modified":"2024-12-05T16:49:33","modified_gmt":"2024-12-05T22:49:33","slug":"nosotros","status":"publish","type":"page","link":"https:\/\/zvax.com.mx\/?page_id=312","title":{"rendered":"Nosotros"},"content":{"rendered":"\t\t<div data-elementor-type=\"wp-page\" data-elementor-id=\"312\" class=\"elementor elementor-312\">\n\t\t\t\t<div class=\"elementor-element elementor-element-af7e5fc e-con-full e-flex e-con e-parent\" data-id=\"af7e5fc\" data-element_type=\"container\">\n\t\t\t\t<div class=\"elementor-element elementor-element-db61597 elementor-widget elementor-widget-text-editor\" data-id=\"db61597\" data-element_type=\"widget\" data-widget_type=\"text-editor.default\">\n\t\t\t\t<div class=\"elementor-widget-container\">\n\t\t\t\t\t\t\t<p><span style=\"color: #000000;\">Somos un grupo de profesionales inmobiliarios que conocemos la gran gama del mercado en los distintos destinos tur\u00edsticos en M\u00e9xico, as\u00ed como en otras ciudades del pa\u00eds.<\/span><\/p><p><span style=\"color: #000000;\"> Contamos con una gran variedad de alianzas con empresas y otros organismos no gubernamentales a nivel mundial para proveer de un servicio de excelencia a nuestros clientes.<\/span><\/p><div>\u00a0<\/div><div>\u00a0<\/div>\t\t\t\t\t\t<\/div>\n\t\t\t\t<\/div>\n\t\t\t\t<\/div>\n\t\t\t\t<\/div>\n\t\t","protected":false},"excerpt":{"rendered":"<p>Somos un grupo de profesionales inmobiliarios que conocemos la gran gama del mercado en los distintos destinos tur\u00edsticos en M\u00e9xico, as\u00ed como en otras ciudades del pa\u00eds. Contamos con una gran variedad de alianzas con empresas y otros organismos no gubernamentales a nivel mundial para proveer de un servicio de excelencia a nuestros clientes. \u00a0\u00a0<\/p>\n","protected":false},"author":1,"featured_media":0,"parent":10,"menu_order":0,"comment_status":"closed","ping_status":"closed","template":"","meta":{"footnotes":""},"class_list":["post-312","page","type-page","status-publish","hentry"],"_links":{"self":[{"href":"https:\/\/zvax.com.mx\/index.php?rest_route=\/wp\/v2\/pages\/312","targetHints":{"allow":["GET"]}}],"collection":[{"href":"https:\/\/zvax.com.mx\/index.php?rest_route=\/wp\/v2\/pages"}],"about":[{"href":"https:\/\/zvax.com.mx\/index.php?rest_route=\/wp\/v2\/types\/page"}],"author":[{"embeddable":true,"href":"https:\/\/zvax.com.mx\/index.php?rest_route=\/wp\/v2\/users\/1"}],"replies":[{"embeddable":true,"href":"https:\/\/zvax.com.mx\/index.php?rest_route=%2Fwp%2Fv2%2Fcomments&post=312"}],"version-history":[{"count":7,"href":"https:\/\/zvax.com.mx\/index.php?rest_route=\/wp\/v2\/pages\/312\/revisions"}],"predecessor-version":[{"id":349,"href":"https:\/\/zvax.com.mx\/index.php?rest_route=\/wp\/v2\/pages\/312\/revisions\/349"}],"up":[{"embeddable":true,"href":"https:\/\/zvax.com.mx\/index.php?rest_route=\/wp\/v2\/pages\/10"}],"wp:attachment":[{"href":"https:\/\/zvax.com.mx\/index.php?rest_route=%2Fwp%2Fv2%2Fmedia&parent=312"}],"curies":[{"name":"wp","href":"https:\/\/api.w.org\/{rel}","templated":true}]}}